{"id":45,"date":"2025-10-02T21:33:06","date_gmt":"2025-10-03T00:33:06","guid":{"rendered":"http:\/\/foloniarquitetura.com.br\/?page_id=45"},"modified":"2025-11-05T22:25:31","modified_gmt":"2025-11-06T01:25:31","slug":"sobre","status":"publish","type":"page","link":"https:\/\/foloniarquitetura.com.br\/?page_id=45","title":{"rendered":"Sobre"},"content":{"rendered":"\t\t<div data-elementor-type=\"wp-page\" data-elementor-id=\"45\" class=\"elementor elementor-45\">\n\t\t\t\t<div class=\"elementor-element elementor-element-051d65f e-flex e-con-boxed wpr-particle-no wpr-jarallax-no wpr-parallax-no wpr-sticky-section-no e-con e-parent\" data-id=\"051d65f\" data-element_type=\"container\" data-e-type=\"container\" data-settings=\"{&quot;background_background&quot;:&quot;slideshow&quot;,&quot;background_slideshow_gallery&quot;:[{&quot;id&quot;:103,&quot;url&quot;:&quot;http:\\\/\\\/foloniarquitetura.com.br\\\/wp-content\\\/uploads\\\/2025\\\/10\\\/Design-sem-nome.png&quot;},{&quot;id&quot;:227,&quot;url&quot;:&quot;http:\\\/\\\/foloniarquitetura.com.br\\\/wp-content\\\/uploads\\\/2025\\\/10\\\/Apertamento-1.jpeg&quot;},{&quot;id&quot;:222,&quot;url&quot;:&quot;http:\\\/\\\/foloniarquitetura.com.br\\\/wp-content\\\/uploads\\\/2025\\\/10\\\/1-1-scaled.png&quot;},{&quot;id&quot;:245,&quot;url&quot;:&quot;http:\\\/\\\/foloniarquitetura.com.br\\\/wp-content\\\/uploads\\\/2025\\\/10\\\/76-FUNDOS-BAR.jpg&quot;}],&quot;background_slideshow_slide_duration&quot;:10000,&quot;background_slideshow_transition_duration&quot;:7000,&quot;background_slideshow_ken_burns&quot;:&quot;yes&quot;,&quot;background_slideshow_loop&quot;:&quot;yes&quot;,&quot;background_slideshow_slide_transition&quot;:&quot;fade&quot;,&quot;background_slideshow_ken_burns_zoom_direction&quot;:&quot;in&quot;}\">\n\t\t\t\t\t<div class=\"e-con-inner\">\n\t\t\t\t\t<\/div>\n\t\t\t\t<\/div>\n\t\t<div class=\"elementor-element elementor-element-df626e1 e-flex e-con-boxed wpr-particle-no wpr-jarallax-no wpr-parallax-no wpr-sticky-section-no e-con e-parent\" data-id=\"df626e1\" data-element_type=\"container\" data-e-type=\"container\" data-settings=\"{&quot;background_background&quot;:&quot;classic&quot;}\">\n\t\t\t\t\t<div class=\"e-con-inner\">\n\t\t\t\t<div class=\"elementor-element elementor-element-929e1fe elementor-widget elementor-widget-heading\" data-id=\"929e1fe\" data-element_type=\"widget\" data-e-type=\"widget\" data-widget_type=\"heading.default\">\n\t\t\t\t\t<h2 class=\"elementor-heading-title elementor-size-default\">Quem somos.<\/h2>\t\t\t\t<\/div>\n\t\t\t\t\t<\/div>\n\t\t\t\t<\/div>\n\t\t<div class=\"elementor-element elementor-element-b104dae e-flex e-con-boxed wpr-particle-no wpr-jarallax-no wpr-parallax-no wpr-sticky-section-no e-con e-parent\" data-id=\"b104dae\" data-element_type=\"container\" data-e-type=\"container\">\n\t\t\t\t\t<div class=\"e-con-inner\">\n\t\t<div class=\"elementor-element elementor-element-97fc7b4 e-con-full e-flex wpr-particle-no wpr-jarallax-no wpr-parallax-no wpr-sticky-section-no e-con e-child\" data-id=\"97fc7b4\" data-element_type=\"container\" data-e-type=\"container\">\n\t\t\t\t<div class=\"elementor-element elementor-element-2b9c999 elementor-widget elementor-widget-heading\" data-id=\"2b9c999\" data-element_type=\"widget\" data-e-type=\"widget\" data-widget_type=\"heading.default\">\n\t\t\t\t\t<h2 class=\"elementor-heading-title elementor-size-default\">Influenciados por um esp\u00edrito minimalista rigoroso, a Foloni Arquitetura especializa-se em criar ambientes onde a fun\u00e7\u00e3o \u00e9 a caracter\u00edstica dominante. Acreditamos que a verdadeira beleza reside na efici\u00eancia e no planejamento meticuloso.<br><br>Nossa abordagem prioriza sempre a t\u00e9cnica sobre a est\u00e9tica, garantindo que cada projeto seja uma solu\u00e7\u00e3o completa e otimizada para o usu\u00e1rio.<\/h2>\t\t\t\t<\/div>\n\t\t\t\t<\/div>\n\t\t<div class=\"elementor-element elementor-element-2c14891 e-con-full e-flex wpr-particle-no wpr-jarallax-no wpr-parallax-no wpr-sticky-section-no e-con e-child\" data-id=\"2c14891\" data-element_type=\"container\" data-e-type=\"container\">\n\t\t<div class=\"elementor-element elementor-element-526a2c0 e-con-full e-grid wpr-particle-no wpr-jarallax-no wpr-parallax-no wpr-sticky-section-no e-con e-child\" data-id=\"526a2c0\" data-element_type=\"container\" data-e-type=\"container\">\n\t\t\t\t<div class=\"elementor-element elementor-element-5fdb25a elementor-widget elementor-widget-image-carousel\" data-id=\"5fdb25a\" data-element_type=\"widget\" data-e-type=\"widget\" data-settings=\"{&quot;slides_to_show&quot;:&quot;1&quot;,&quot;navigation&quot;:&quot;none&quot;,&quot;effect&quot;:&quot;slide&quot;,&quot;speed&quot;:500}\" data-widget_type=\"image-carousel.default\">\n\t\t\t\t\t\t\t<div class=\"elementor-image-carousel-wrapper swiper\" role=\"region\" aria-roledescription=\"carousel\" aria-label=\"Carrossel de imagens\" dir=\"ltr\">\n\t\t\t<div class=\"elementor-image-carousel swiper-wrapper\" aria-live=\"polite\">\n\t\t\t\t\t\t\t\t<div class=\"swiper-slide\" role=\"group\" aria-roledescription=\"slide\" aria-label=\"1 de 1\"><figure class=\"swiper-slide-inner\"><img decoding=\"async\" class=\"swiper-slide-image\" src=\"https:\/\/foloniarquitetura.com.br\/wp-content\/uploads\/elementor\/thumbs\/WhatsApp-Image-2025-10-23-at-23.09.52-rjcnz6l41a4j2qqa8stabuf3e1501xg45e3807l08g.jpeg\" alt=\"Arq. Suane\" \/><figcaption class=\"elementor-image-carousel-caption\">Arq. Suane<\/figcaption><\/figure><\/div>\t\t\t<\/div>\n\t\t\t\t\t<\/div>\n\t\t\t\t\t\t<\/div>\n\t\t\t\t<div class=\"elementor-element elementor-element-0ed991b elementor-widget elementor-widget-image-carousel\" data-id=\"0ed991b\" data-element_type=\"widget\" data-e-type=\"widget\" data-settings=\"{&quot;slides_to_show&quot;:&quot;1&quot;,&quot;navigation&quot;:&quot;none&quot;,&quot;effect&quot;:&quot;slide&quot;,&quot;speed&quot;:500}\" data-widget_type=\"image-carousel.default\">\n\t\t\t\t\t\t\t<div class=\"elementor-image-carousel-wrapper swiper\" role=\"region\" aria-roledescription=\"carousel\" aria-label=\"Carrossel de imagens\" dir=\"ltr\">\n\t\t\t<div class=\"elementor-image-carousel swiper-wrapper\" aria-live=\"polite\">\n\t\t\t\t\t\t\t\t<div class=\"swiper-slide\" role=\"group\" aria-roledescription=\"slide\" aria-label=\"1 de 1\"><figure class=\"swiper-slide-inner\"><img decoding=\"async\" class=\"swiper-slide-image\" src=\"https:\/\/foloniarquitetura.com.br\/wp-content\/uploads\/elementor\/thumbs\/WhatsApp-Image-2025-10-23-at-23.51.53-rjcnz5n9ug38r4rneaenrcnmsn9mu8cdt9fqixmeeo.jpeg\" alt=\"Arq. Victor\" \/><figcaption class=\"elementor-image-carousel-caption\">Arq. Victor<\/figcaption><\/figure><\/div>\t\t\t<\/div>\n\t\t\t\t\t<\/div>\n\t\t\t\t\t\t<\/div>\n\t\t\t\t<\/div>\n\t\t\t\t<\/div>\n\t\t\t\t\t<\/div>\n\t\t\t\t<\/div>\n\t\t\t\t<\/div>\n\t\t","protected":false},"excerpt":{"rendered":"<p>Quem somos. Influenciados por um esp\u00edrito minimalista rigoroso, a Foloni Arquitetura especializa-se em criar ambientes onde a fun\u00e7\u00e3o \u00e9 a caracter\u00edstica dominante. Acreditamos que a verdadeira beleza reside na efici\u00eancia e no planejamento meticuloso. Nossa abordagem prioriza sempre a t\u00e9cnica sobre a est\u00e9tica, garantindo que cada projeto seja uma solu\u00e7\u00e3o completa e otimizada para o usu\u00e1rio. Arq. Suane Arq. Victor<\/p>\n","protected":false},"author":1,"featured_media":0,"parent":0,"menu_order":0,"comment_status":"closed","ping_status":"closed","template":"elementor_header_footer","meta":{"footnotes":""},"class_list":["post-45","page","type-page","status-publish","hentry"],"_links":{"self":[{"href":"https:\/\/foloniarquitetura.com.br\/index.php?rest_route=\/wp\/v2\/pages\/45","targetHints":{"allow":["GET"]}}],"collection":[{"href":"https:\/\/foloniarquitetura.com.br\/index.php?rest_route=\/wp\/v2\/pages"}],"about":[{"href":"https:\/\/foloniarquitetura.com.br\/index.php?rest_route=\/wp\/v2\/types\/page"}],"author":[{"embeddable":true,"href":"https:\/\/foloniarquitetura.com.br\/index.php?rest_route=\/wp\/v2\/users\/1"}],"replies":[{"embeddable":true,"href":"https:\/\/foloniarquitetura.com.br\/index.php?rest_route=%2Fwp%2Fv2%2Fcomments&post=45"}],"version-history":[{"count":34,"href":"https:\/\/foloniarquitetura.com.br\/index.php?rest_route=\/wp\/v2\/pages\/45\/revisions"}],"predecessor-version":[{"id":462,"href":"https:\/\/foloniarquitetura.com.br\/index.php?rest_route=\/wp\/v2\/pages\/45\/revisions\/462"}],"wp:attachment":[{"href":"https:\/\/foloniarquitetura.com.br\/index.php?rest_route=%2Fwp%2Fv2%2Fmedia&parent=45"}],"curies":[{"name":"wp","href":"https:\/\/api.w.org\/{rel}","templated":true}]}}